{"id":1661,"date":"2025-07-01T19:31:36","date_gmt":"2025-07-01T17:31:36","guid":{"rendered":"http:\/\/feinbeisser.de\/?page_id=1661"},"modified":"2025-12-17T07:51:02","modified_gmt":"2025-12-17T06:51:02","slug":"ueber-uns","status":"publish","type":"page","link":"https:\/\/feinbeisser.de\/en\/ueber-uns\/","title":{"rendered":"About us"},"content":{"rendered":"\t\t<div data-elementor-type=\"wp-post\" data-elementor-id=\"1661\" class=\"elementor elementor-1661\" data-elementor-post-type=\"page\">\n\t\t\t\t<div class=\"elementor-element elementor-element-89c772e e-flex e-con-boxed e-con e-parent\" data-id=\"89c772e\" data-element_type=\"container\" data-e-type=\"container\">\n\t\t\t\t\t<div class=\"e-con-inner\">\n\t\t\t\t<div class=\"elementor-element elementor-element-9bc3440 elementor-invisible elementor-widget elementor-widget-text-editor\" data-id=\"9bc3440\" data-element_type=\"widget\" data-e-type=\"widget\" data-settings=\"{&quot;_animation&quot;:&quot;fadeIn&quot;}\" data-widget_type=\"text-editor.default\">\n\t\t\t\t\t\t\t\t\t<p>Feinbeisser \u2013 das sind wir<\/p>\t\t\t\t\t\t\t\t<\/div>\n\t\t\t\t<div class=\"elementor-element elementor-element-180f664 elementor-invisible elementor-widget elementor-widget-elementskit-heading\" data-id=\"180f664\" data-element_type=\"widget\" data-e-type=\"widget\" data-settings=\"{&quot;_animation&quot;:&quot;fadeIn&quot;,&quot;_animation_delay&quot;:200}\" data-widget_type=\"elementskit-heading.default\">\n\t\t\t\t\t<div class=\"ekit-wid-con\" ><div class=\"ekit-heading elementskit-section-title-wraper text_center   ekit_heading_tablet-   ekit_heading_mobile-\"><h1 class=\"ekit-heading--title elementskit-section-title \"><span><span>Feinbeisser<\/span><\/span> Event &amp; Catering Hamburg.<\/h1><\/div><\/div>\t\t\t\t<\/div>\n\t\t\t\t<div class=\"elementor-element elementor-element-d1f493d elementor-invisible elementor-widget elementor-widget-elementskit-heading\" data-id=\"d1f493d\" data-element_type=\"widget\" data-e-type=\"widget\" data-settings=\"{&quot;_animation&quot;:&quot;fadeIn&quot;,&quot;_animation_delay&quot;:200}\" data-widget_type=\"elementskit-heading.default\">\n\t\t\t\t\t<div class=\"ekit-wid-con\" ><div class=\"ekit-heading elementskit-section-title-wraper text_center   ekit_heading_tablet-   ekit_heading_mobile-\"><h2 class=\"ekit-heading--title elementskit-section-title \">Unser Catering Team steht f\u00fcr Qualit\u00e4t, Leidenschaft und pers\u00f6nliche Betreuung bei jedem Event.<\/h2><\/div><\/div>\t\t\t\t<\/div>\n\t\t\t\t<div class=\"elementor-element elementor-element-18c46a6 elementor-invisible elementor-widget elementor-widget-text-editor\" data-id=\"18c46a6\" data-element_type=\"widget\" data-e-type=\"widget\" data-settings=\"{&quot;_animation&quot;:&quot;fadeIn&quot;,&quot;_animation_delay&quot;:400}\" data-widget_type=\"text-editor.default\">\n\t\t\t\t\t\t\t\t\t<p data-start=\"223\" data-end=\"496\">\u201eEine gute Veranstaltung reicht uns nicht \u2013 wir wollen das Beste daraus machen.\u201c <span style=\"font-family: -apple-system, BlinkMacSystemFont, 'Segoe UI', Roboto, 'Helvetica Neue', Arial, 'Noto Sans', sans-serif, 'Apple Color Emoji', 'Segoe UI Emoji', 'Segoe UI Symbol', 'Noto Color Emoji';\">Dieser hohe Anspruch ist das Leitmotiv von <\/span><strong style=\"font-family: -apple-system, BlinkMacSystemFont, 'Segoe UI', Roboto, 'Helvetica Neue', Arial, 'Noto Sans', sans-serif, 'Apple Color Emoji', 'Segoe UI Emoji', 'Segoe UI Symbol', 'Noto Color Emoji';\" data-start=\"188\" data-end=\"206\">Harald Pfeffer<\/strong><span style=\"font-family: -apple-system, BlinkMacSystemFont, 'Segoe UI', Roboto, 'Helvetica Neue', Arial, 'Noto Sans', sans-serif, 'Apple Color Emoji', 'Segoe UI Emoji', 'Segoe UI Symbol', 'Noto Color Emoji';\">, dem Gesch\u00e4ftsf\u00fchrer von <\/span><a style=\"font-family: -apple-system, BlinkMacSystemFont, 'Segoe UI', Roboto, 'Helvetica Neue', Arial, 'Noto Sans', sans-serif, 'Apple Color Emoji', 'Segoe UI Emoji', 'Segoe UI Symbol', 'Noto Color Emoji';\" href=\"https:\/\/feinbeisser.de\/\"><strong data-start=\"232\" data-end=\"256\">Feinbeisser-Catering<\/strong><\/a><span style=\"font-family: -apple-system, BlinkMacSystemFont, 'Segoe UI', Roboto, 'Helvetica Neue', Arial, 'Noto Sans', sans-serif, 'Apple Color Emoji', 'Segoe UI Emoji', 'Segoe UI Symbol', 'Noto Color Emoji';\"> in Hamburg. Der gelernte Koch hat seine Leidenschaft f\u00fcr gutes Essen, stilvolle Pr\u00e4sentation und perfekte Abl\u00e4ufe zum Beruf gemacht \u2013 und steht seit vielen Jahren f\u00fcr <\/span><strong style=\"font-family: -apple-system, BlinkMacSystemFont, 'Segoe UI', Roboto, 'Helvetica Neue', Arial, 'Noto Sans', sans-serif, 'Apple Color Emoji', 'Segoe UI Emoji', 'Segoe UI Symbol', 'Noto Color Emoji';\" data-start=\"424\" data-end=\"455\">erstklassiges Eventcatering<\/strong><span style=\"font-family: -apple-system, BlinkMacSystemFont, 'Segoe UI', Roboto, 'Helvetica Neue', Arial, 'Noto Sans', sans-serif, 'Apple Color Emoji', 'Segoe UI Emoji', 'Segoe UI Symbol', 'Noto Color Emoji';\"> mit umfassendem Service. Mit einem feinen Gesp\u00fcr f\u00fcr Genuss, Qualit\u00e4t und Kundenbed\u00fcrfnisse hat er Feinbeisser zu einer festen Gr\u00f6\u00dfe in der Hamburger Eventszene gemacht. <\/span><strong style=\"font-family: -apple-system, BlinkMacSystemFont, 'Segoe UI', Roboto, 'Helvetica Neue', Arial, 'Noto Sans', sans-serif, 'Apple Color Emoji', 'Segoe UI Emoji', 'Segoe UI Symbol', 'Noto Color Emoji';\" data-start=\"626\" data-end=\"676\">Ob Business-Event, Hochzeit oder private Feier<\/strong><span style=\"font-family: -apple-system, BlinkMacSystemFont, 'Segoe UI', Roboto, 'Helvetica Neue', Arial, 'Noto Sans', sans-serif, 'Apple Color Emoji', 'Segoe UI Emoji', 'Segoe UI Symbol', 'Noto Color Emoji';\"> \u2013 Pfeffer und sein Team entwickeln individuelle Konzepte, die kulinarisch \u00fcberzeugen und organisatorisch entlasten.<\/span><\/p>\t\t\t\t\t\t\t\t<\/div>\n\t\t\t\t\t<\/div>\n\t\t\t\t<\/div>\n\t\t<div class=\"elementor-element elementor-element-9ffea93 e-con-full e-flex e-con e-parent\" data-id=\"9ffea93\" data-element_type=\"container\" data-e-type=\"container\" data-settings=\"{&quot;background_background&quot;:&quot;slideshow&quot;,&quot;background_slideshow_gallery&quot;:[{&quot;id&quot;:1483,&quot;url&quot;:&quot;https:\\\/\\\/feinbeisser.de\\\/wp-content\\\/uploads\\\/2025\\\/05\\\/impressionen93.webp&quot;},{&quot;id&quot;:1471,&quot;url&quot;:&quot;https:\\\/\\\/feinbeisser.de\\\/wp-content\\\/uploads\\\/2025\\\/05\\\/impressionen67.webp&quot;},{&quot;id&quot;:1502,&quot;url&quot;:&quot;https:\\\/\\\/feinbeisser.de\\\/wp-content\\\/uploads\\\/2025\\\/05\\\/feinbeisser_teaser_4.webp&quot;},{&quot;id&quot;:1442,&quot;url&quot;:&quot;https:\\\/\\\/feinbeisser.de\\\/wp-content\\\/uploads\\\/2025\\\/05\\\/impressionen38.webp&quot;}],&quot;background_slideshow_ken_burns&quot;:&quot;yes&quot;,&quot;background_slideshow_loop&quot;:&quot;yes&quot;,&quot;background_slideshow_slide_duration&quot;:5000,&quot;background_slideshow_slide_transition&quot;:&quot;fade&quot;,&quot;background_slideshow_transition_duration&quot;:500,&quot;background_slideshow_ken_burns_zoom_direction&quot;:&quot;in&quot;}\">\n\t\t\t\t<\/div>\n\t\t<div class=\"elementor-element elementor-element-c7310b9 e-flex e-con-boxed e-con e-parent\" data-id=\"c7310b9\" data-element_type=\"container\" data-e-type=\"container\">\n\t\t\t\t\t<div class=\"e-con-inner\">\n\t\t<div class=\"elementor-element elementor-element-fd9fe71 e-con-full e-flex elementor-invisible e-con e-child\" data-id=\"fd9fe71\" data-element_type=\"container\" data-e-type=\"container\" data-settings=\"{&quot;animation&quot;:&quot;fadeIn&quot;,&quot;animation_delay&quot;:400}\">\n\t\t<div class=\"elementor-element elementor-element-50184b7 e-con-full e-flex elementor-invisible e-con e-child\" data-id=\"50184b7\" data-element_type=\"container\" data-e-type=\"container\" data-settings=\"{&quot;background_background&quot;:&quot;classic&quot;,&quot;animation&quot;:&quot;fadeIn&quot;,&quot;animation_delay&quot;:400}\">\n\t\t\t\t<\/div>\n\t\t<div class=\"elementor-element elementor-element-f430148 e-con-full e-flex elementor-invisible e-con e-child\" data-id=\"f430148\" data-element_type=\"container\" data-e-type=\"container\" data-settings=\"{&quot;animation&quot;:&quot;fadeIn&quot;,&quot;animation_delay&quot;:600}\">\n\t\t\t\t<div class=\"elementor-element elementor-element-198eda1 elementor-widget elementor-widget-text-editor\" data-id=\"198eda1\" data-element_type=\"widget\" data-e-type=\"widget\" data-widget_type=\"text-editor.default\">\n\t\t\t\t\t\t\t\t\t<p>Individuell<\/p>\t\t\t\t\t\t\t\t<\/div>\n\t\t\t\t<div class=\"elementor-element elementor-element-970e32f elementor-widget elementor-widget-heading\" data-id=\"970e32f\" data-element_type=\"widget\" data-e-type=\"widget\" data-widget_type=\"heading.default\">\n\t\t\t\t\t<h3 class=\"elementor-heading-title elementor-size-default\">F\u00fcr jeden Anlass das passende Konzept<\/h3>\t\t\t\t<\/div>\n\t\t\t\t<div class=\"elementor-element elementor-element-5c2187a elementor-widget elementor-widget-text-editor\" data-id=\"5c2187a\" data-element_type=\"widget\" data-e-type=\"widget\" data-widget_type=\"text-editor.default\">\n\t\t\t\t\t\t\t\t\t<p data-start=\"366\" data-end=\"734\">Ob Firmenfeier, Hochzeit oder private Veranstaltung \u2013 Pfeffer und sein Team entwickeln ma\u00dfgeschneiderte Konzepte, die alle Sinne ansprechen. Von der <strong data-start=\"725\" data-end=\"745\">Location-Auswahl<\/strong> \u00fcber <strong data-start=\"751\" data-end=\"775\">Speisen und Getr\u00e4nke<\/strong> bis hin zur <strong data-start=\"788\" data-end=\"802\">Dekoration<\/strong>: Jeder Aspekt wird individuell auf die W\u00fcnsche der Kund:innen abgestimmt. Dabei spielt es keine Rolle, ob es sich um ein <strong data-start=\"924\" data-end=\"948\">Dinner mit 15 G\u00e4sten<\/strong> oder ein <strong data-start=\"958\" data-end=\"995\">Gro\u00dfevent mit \u00fcber 1.000 Personen<\/strong> handelt.<\/p>\t\t\t\t\t\t\t\t<\/div>\n\t\t\t\t<\/div>\n\t\t\t\t<\/div>\n\t\t<div class=\"elementor-element elementor-element-11156e3 e-con-full e-flex elementor-invisible e-con e-child\" data-id=\"11156e3\" data-element_type=\"container\" data-e-type=\"container\" data-settings=\"{&quot;animation&quot;:&quot;fadeIn&quot;}\">\n\t\t<div class=\"elementor-element elementor-element-07b9b0c e-con-full e-flex elementor-invisible e-con e-child\" data-id=\"07b9b0c\" data-element_type=\"container\" data-e-type=\"container\" data-settings=\"{&quot;animation&quot;:&quot;fadeIn&quot;,&quot;animation_delay&quot;:600}\">\n\t\t\t\t<div class=\"elementor-element elementor-element-e4b6343 elementor-widget elementor-widget-text-editor\" data-id=\"e4b6343\" data-element_type=\"widget\" data-e-type=\"widget\" data-widget_type=\"text-editor.default\">\n\t\t\t\t\t\t\t\t\t<p>Pers\u00f6nlich<\/p>\t\t\t\t\t\t\t\t<\/div>\n\t\t\t\t<div class=\"elementor-element elementor-element-43524c2 elementor-widget elementor-widget-heading\" data-id=\"43524c2\" data-element_type=\"widget\" data-e-type=\"widget\" data-widget_type=\"heading.default\">\n\t\t\t\t\t<h3 class=\"elementor-heading-title elementor-size-default\">Full-Service-Catering mit pers\u00f6nlicher Betreuung<\/h3>\t\t\t\t<\/div>\n\t\t\t\t<div class=\"elementor-element elementor-element-fc1a4ab elementor-widget elementor-widget-text-editor\" data-id=\"fc1a4ab\" data-element_type=\"widget\" data-e-type=\"widget\" data-widget_type=\"text-editor.default\">\n\t\t\t\t\t\t\t\t\t<p data-start=\"405\" data-end=\"761\"><strong data-start=\"1006\" data-end=\"1070\">Feinbeisser-Catering versteht sich als Partner auf Augenh\u00f6he<\/strong> \u2013 und begleitet jede Veranstaltung <strong data-start=\"1106\" data-end=\"1147\">von der Planung bis zur Nachbetreuung<\/strong>. Als <strong data-start=\"1153\" data-end=\"1183\">Full-Service-Dienstleister<\/strong> \u00fcbernimmt das Team alle Aufgaben rund um das Event und setzt dabei auf h\u00f6chste Qualit\u00e4t \u2013 kulinarisch wie organisatorisch.<\/p>\t\t\t\t\t\t\t\t<\/div>\n\t\t\t\t<\/div>\n\t\t<div class=\"elementor-element elementor-element-df7d713 e-con-full e-flex elementor-invisible e-con e-child\" data-id=\"df7d713\" data-element_type=\"container\" data-e-type=\"container\" data-settings=\"{&quot;background_background&quot;:&quot;classic&quot;,&quot;animation&quot;:&quot;fadeIn&quot;,&quot;animation_delay&quot;:400}\">\n\t\t\t\t<\/div>\n\t\t\t\t<\/div>\n\t\t<div class=\"elementor-element elementor-element-59c333c e-con-full e-flex elementor-invisible e-con e-child\" data-id=\"59c333c\" data-element_type=\"container\" data-e-type=\"container\" data-settings=\"{&quot;animation&quot;:&quot;fadeIn&quot;}\">\n\t\t<div class=\"elementor-element elementor-element-d684d9d e-con-full e-flex elementor-invisible e-con e-child\" data-id=\"d684d9d\" data-element_type=\"container\" data-e-type=\"container\" data-settings=\"{&quot;background_background&quot;:&quot;classic&quot;,&quot;animation&quot;:&quot;fadeIn&quot;,&quot;animation_delay&quot;:400}\">\n\t\t\t\t<\/div>\n\t\t<div class=\"elementor-element elementor-element-ece6110 e-con-full e-flex elementor-invisible e-con e-child\" data-id=\"ece6110\" data-element_type=\"container\" data-e-type=\"container\" data-settings=\"{&quot;animation&quot;:&quot;fadeIn&quot;,&quot;animation_delay&quot;:600}\">\n\t\t\t\t<div class=\"elementor-element elementor-element-a1cb61e elementor-widget elementor-widget-text-editor\" data-id=\"a1cb61e\" data-element_type=\"widget\" data-e-type=\"widget\" data-widget_type=\"text-editor.default\">\n\t\t\t\t\t\t\t\t\t<p>Hochwertig<\/p>\t\t\t\t\t\t\t\t<\/div>\n\t\t\t\t<div class=\"elementor-element elementor-element-ff6e4b6 elementor-widget elementor-widget-heading\" data-id=\"ff6e4b6\" data-element_type=\"widget\" data-e-type=\"widget\" data-widget_type=\"heading.default\">\n\t\t\t\t\t<h3 class=\"elementor-heading-title elementor-size-default\">Kulinarische Vielfalt mit Qualit\u00e4t und Leidenschaft<\/h3>\t\t\t\t<\/div>\n\t\t\t\t<div class=\"elementor-element elementor-element-97e88f9 elementor-widget elementor-widget-text-editor\" data-id=\"97e88f9\" data-element_type=\"widget\" data-e-type=\"widget\" data-widget_type=\"text-editor.default\">\n\t\t\t\t\t\t\t\t\t<p data-start=\"361\" data-end=\"664\">Ob <strong data-start=\"1311\" data-end=\"1381\">Fingerfood, Fleischgerichte, Fisch, vegetarische oder vegane Men\u00fcs<\/strong> \u2013 Feinbeisser bietet ein breites Spektrum und findet immer die passende L\u00f6sung im gew\u00fcnschten Budgetrahmen. Die positive Resonanz best\u00e4tigt den Erfolg: Immer mehr Unternehmen und Privatpersonen entscheiden sich f\u00fcr den pers\u00f6nlichen, <strong data-start=\"1615\" data-end=\"1645\">serviceorientierten Ansatz<\/strong> von Feinbeisser-Catering.<\/p>\t\t\t\t\t\t\t\t<\/div>\n\t\t\t\t<\/div>\n\t\t\t\t<\/div>\n\t\t\t\t<div class=\"elementor-element elementor-element-903960f elementor-align-center elementor-invisible elementor-widget elementor-widget-button\" data-id=\"903960f\" data-element_type=\"widget\" data-e-type=\"widget\" data-settings=\"{&quot;_animation&quot;:&quot;fadeIn&quot;,&quot;_animation_delay&quot;:600}\" data-widget_type=\"button.default\">\n\t\t\t\t\t\t\t\t\t\t<a class=\"elementor-button elementor-button-link elementor-size-sm elementor-animation-float\" href=\"https:\/\/feinbeisser.de\/en\/anfrage\/\">\n\t\t\t\t\t\t<span class=\"elementor-button-content-wrapper\">\n\t\t\t\t\t\t\t\t\t<span class=\"elementor-button-text\">Angebot anfragen<\/span>\n\t\t\t\t\t<\/span>\n\t\t\t\t\t<\/a>\n\t\t\t\t\t\t\t\t<\/div>\n\t\t\t\t\t<\/div>\n\t\t\t\t<\/div>\n\t\t\t\t<\/div>\n\t\t","protected":false},"excerpt":{"rendered":"<p>Feinbeisser \u2013 das sind wir \u00dcber Feinbeisser Event &amp; Catering. \u201eEine gute Veranstaltung reicht uns nicht \u2013 wir wollen das Beste daraus machen.\u201c Feinbeisser Event &amp; Catering aus Hamburg steht f\u00fcr hochwertige, individuelle Catering-Konzepte, pers\u00f6nliche Beratung und eine sorgf\u00e4ltige Umsetzung jedes Events. Dieser hohe Anspruch ist das Leitmotiv von Harald Pfeffer, dem Gesch\u00e4ftsf\u00fchrer von Feinbeisser-Catering [&hellip;]<\/p>\n","protected":false},"author":1,"featured_media":0,"parent":0,"menu_order":0,"comment_status":"closed","ping_status":"closed","template":"elementor_header_footer","meta":{"footnotes":""},"class_list":["post-1661","page","type-page","status-publish","hentry"],"yoast_head":"<!-- This site is optimized with the Yoast SEO plugin v27.3 - https:\/\/yoast.com\/product\/yoast-seo-wordpress\/ -->\n<title>\u00dcber uns \u2013 Feinbeisser Event &amp; Catering Hamburg<\/title>\n<meta name=\"description\" content=\"Wer hinter Feinbeisser steckt: Event &amp; Catering aus Hamburg mit Anspruch, Qualit\u00e4t und Leidenschaft. Jetzt mehr \u00fcber unser Team erfahren.\" \/>\n<meta name=\"robots\" content=\"index, follow, max-snippet:-1, max-image-preview:large, max-video-preview:-1\" \/>\n<link rel=\"canonical\" href=\"https:\/\/feinbeisser.de\/en\/ueber-uns\/\" \/>\n<meta property=\"og:locale\" content=\"en_GB\" \/>\n<meta property=\"og:type\" content=\"article\" \/>\n<meta property=\"og:title\" content=\"\u00dcber uns \u2013 Feinbeisser Event &amp; Catering Hamburg\" \/>\n<meta property=\"og:description\" content=\"Wer hinter Feinbeisser steckt: Event &amp; Catering aus Hamburg mit Anspruch, Qualit\u00e4t und Leidenschaft. Jetzt mehr \u00fcber unser Team erfahren.\" \/>\n<meta property=\"og:url\" content=\"https:\/\/feinbeisser.de\/en\/ueber-uns\/\" \/>\n<meta property=\"og:site_name\" content=\"Feinbeisser Event &amp; Catering Hamburg - Feinbeisser-Catering\" \/>\n<meta property=\"article:modified_time\" content=\"2025-12-17T06:51:02+00:00\" \/>\n<meta name=\"twitter:card\" content=\"summary_large_image\" \/>\n<meta name=\"twitter:label1\" content=\"Estimated reading time\" \/>\n\t<meta name=\"twitter:data1\" content=\"2 minutes\" \/>\n<script type=\"application\/ld+json\" class=\"yoast-schema-graph\">{\"@context\":\"https:\\\/\\\/schema.org\",\"@graph\":[{\"@type\":\"WebPage\",\"@id\":\"https:\\\/\\\/feinbeisser.de\\\/ueber-uns\\\/\",\"url\":\"https:\\\/\\\/feinbeisser.de\\\/ueber-uns\\\/\",\"name\":\"\u00dcber uns \u2013 Feinbeisser Event & Catering Hamburg\",\"isPartOf\":{\"@id\":\"https:\\\/\\\/feinbeisser.de\\\/#website\"},\"datePublished\":\"2025-07-01T17:31:36+00:00\",\"dateModified\":\"2025-12-17T06:51:02+00:00\",\"description\":\"Wer hinter Feinbeisser steckt: Event & Catering aus Hamburg mit Anspruch, Qualit\u00e4t und Leidenschaft. Jetzt mehr \u00fcber unser Team erfahren.\",\"breadcrumb\":{\"@id\":\"https:\\\/\\\/feinbeisser.de\\\/ueber-uns\\\/#breadcrumb\"},\"inLanguage\":\"en-GB\",\"potentialAction\":[{\"@type\":\"ReadAction\",\"target\":[\"https:\\\/\\\/feinbeisser.de\\\/ueber-uns\\\/\"]}]},{\"@type\":\"BreadcrumbList\",\"@id\":\"https:\\\/\\\/feinbeisser.de\\\/ueber-uns\\\/#breadcrumb\",\"itemListElement\":[{\"@type\":\"ListItem\",\"position\":1,\"name\":\"Startseite\",\"item\":\"https:\\\/\\\/feinbeisser.de\\\/\"},{\"@type\":\"ListItem\",\"position\":2,\"name\":\"\u00dcber uns\"}]},{\"@type\":\"WebSite\",\"@id\":\"https:\\\/\\\/feinbeisser.de\\\/#website\",\"url\":\"https:\\\/\\\/feinbeisser.de\\\/\",\"name\":\"Feinbeisser Event &amp; Catering Hamburg - Feinbeisser-Catering\",\"description\":\"CATERING HAMBURG - FEINBEISSER, Ihr Hamburger Event &amp; Catering Service in Hamburg mit einem anspruchsvollen Catering-Angebot f\u00fcr den gesamten Party- und Eventbereich!\",\"publisher\":{\"@id\":\"https:\\\/\\\/feinbeisser.de\\\/#organization\"},\"potentialAction\":[{\"@type\":\"SearchAction\",\"target\":{\"@type\":\"EntryPoint\",\"urlTemplate\":\"https:\\\/\\\/feinbeisser.de\\\/?s={search_term_string}\"},\"query-input\":{\"@type\":\"PropertyValueSpecification\",\"valueRequired\":true,\"valueName\":\"search_term_string\"}}],\"inLanguage\":\"en-GB\"},{\"@type\":\"Organization\",\"@id\":\"https:\\\/\\\/feinbeisser.de\\\/#organization\",\"name\":\"Feinbeisser Event &amp; Catering Hamburg - Feinbeisser-Catering\",\"url\":\"https:\\\/\\\/feinbeisser.de\\\/\",\"logo\":{\"@type\":\"ImageObject\",\"inLanguage\":\"en-GB\",\"@id\":\"https:\\\/\\\/feinbeisser.de\\\/#\\\/schema\\\/logo\\\/image\\\/\",\"url\":\"https:\\\/\\\/feinbeisser.de\\\/wp-content\\\/uploads\\\/2025\\\/04\\\/Element-1.svg\",\"contentUrl\":\"https:\\\/\\\/feinbeisser.de\\\/wp-content\\\/uploads\\\/2025\\\/04\\\/Element-1.svg\",\"width\":278,\"height\":84,\"caption\":\"Feinbeisser Event &amp; Catering Hamburg - Feinbeisser-Catering\"},\"image\":{\"@id\":\"https:\\\/\\\/feinbeisser.de\\\/#\\\/schema\\\/logo\\\/image\\\/\"}}]}<\/script>\n<!-- \/ Yoast SEO plugin. -->","yoast_head_json":{"title":"About us - Feinbeisser Event &amp; Catering Hamburg","description":"Who is behind Feinbeisser: Event &amp; Catering from Hamburg with high standards, quality and passion. Find out more about our team now.","robots":{"index":"index","follow":"follow","max-snippet":"max-snippet:-1","max-image-preview":"max-image-preview:large","max-video-preview":"max-video-preview:-1"},"canonical":"https:\/\/feinbeisser.de\/en\/ueber-uns\/","og_locale":"en_GB","og_type":"article","og_title":"\u00dcber uns \u2013 Feinbeisser Event & Catering Hamburg","og_description":"Wer hinter Feinbeisser steckt: Event & Catering aus Hamburg mit Anspruch, Qualit\u00e4t und Leidenschaft. Jetzt mehr \u00fcber unser Team erfahren.","og_url":"https:\/\/feinbeisser.de\/en\/ueber-uns\/","og_site_name":"Feinbeisser Event &amp; Catering Hamburg - Feinbeisser-Catering","article_modified_time":"2025-12-17T06:51:02+00:00","twitter_card":"summary_large_image","twitter_misc":{"Estimated reading time":"2 minutes"},"schema":{"@context":"https:\/\/schema.org","@graph":[{"@type":"WebPage","@id":"https:\/\/feinbeisser.de\/ueber-uns\/","url":"https:\/\/feinbeisser.de\/ueber-uns\/","name":"About us - Feinbeisser Event &amp; Catering Hamburg","isPartOf":{"@id":"https:\/\/feinbeisser.de\/#website"},"datePublished":"2025-07-01T17:31:36+00:00","dateModified":"2025-12-17T06:51:02+00:00","description":"Who is behind Feinbeisser: Event &amp; Catering from Hamburg with high standards, quality and passion. Find out more about our team now.","breadcrumb":{"@id":"https:\/\/feinbeisser.de\/ueber-uns\/#breadcrumb"},"inLanguage":"en-GB","potentialAction":[{"@type":"ReadAction","target":["https:\/\/feinbeisser.de\/ueber-uns\/"]}]},{"@type":"BreadcrumbList","@id":"https:\/\/feinbeisser.de\/ueber-uns\/#breadcrumb","itemListElement":[{"@type":"ListItem","position":1,"name":"Startseite","item":"https:\/\/feinbeisser.de\/"},{"@type":"ListItem","position":2,"name":"\u00dcber uns"}]},{"@type":"WebSite","@id":"https:\/\/feinbeisser.de\/#website","url":"https:\/\/feinbeisser.de\/","name":"Feinbeisser Event &amp; Catering Hamburg - Feinbeisser-Catering","description":"CATERING HAMBURG - FEINBEISSER, your Hamburg event &amp; catering service in Hamburg with a sophisticated catering offer for the entire party and event sector!","publisher":{"@id":"https:\/\/feinbeisser.de\/#organization"},"potentialAction":[{"@type":"SearchAction","target":{"@type":"EntryPoint","urlTemplate":"https:\/\/feinbeisser.de\/?s={search_term_string}"},"query-input":{"@type":"PropertyValueSpecification","valueRequired":true,"valueName":"search_term_string"}}],"inLanguage":"en-GB"},{"@type":"Organization","@id":"https:\/\/feinbeisser.de\/#organization","name":"Feinbeisser Event &amp; Catering Hamburg - Feinbeisser-Catering","url":"https:\/\/feinbeisser.de\/","logo":{"@type":"ImageObject","inLanguage":"en-GB","@id":"https:\/\/feinbeisser.de\/#\/schema\/logo\/image\/","url":"https:\/\/feinbeisser.de\/wp-content\/uploads\/2025\/04\/Element-1.svg","contentUrl":"https:\/\/feinbeisser.de\/wp-content\/uploads\/2025\/04\/Element-1.svg","width":278,"height":84,"caption":"Feinbeisser Event &amp; Catering Hamburg - Feinbeisser-Catering"},"image":{"@id":"https:\/\/feinbeisser.de\/#\/schema\/logo\/image\/"}}]}},"_links":{"self":[{"href":"https:\/\/feinbeisser.de\/en\/wp-json\/wp\/v2\/pages\/1661","targetHints":{"allow":["GET"]}}],"collection":[{"href":"https:\/\/feinbeisser.de\/en\/wp-json\/wp\/v2\/pages"}],"about":[{"href":"https:\/\/feinbeisser.de\/en\/wp-json\/wp\/v2\/types\/page"}],"author":[{"embeddable":true,"href":"https:\/\/feinbeisser.de\/en\/wp-json\/wp\/v2\/users\/1"}],"replies":[{"embeddable":true,"href":"https:\/\/feinbeisser.de\/en\/wp-json\/wp\/v2\/comments?post=1661"}],"version-history":[{"count":10,"href":"https:\/\/feinbeisser.de\/en\/wp-json\/wp\/v2\/pages\/1661\/revisions"}],"predecessor-version":[{"id":2677,"href":"https:\/\/feinbeisser.de\/en\/wp-json\/wp\/v2\/pages\/1661\/revisions\/2677"}],"wp:attachment":[{"href":"https:\/\/feinbeisser.de\/en\/wp-json\/wp\/v2\/media?parent=1661"}],"curies":[{"name":"wp","href":"https:\/\/api.w.org\/{rel}","templated":true}]}}