{"id":991,"date":"2025-05-08T16:29:55","date_gmt":"2025-05-08T14:29:55","guid":{"rendered":"http:\/\/feinbeisser.de\/?page_id=991"},"modified":"2025-07-09T14:43:12","modified_gmt":"2025-07-09T12:43:12","slug":"agbs","status":"publish","type":"page","link":"https:\/\/feinbeisser.de\/en\/agbs\/","title":{"rendered":"AGBs"},"content":{"rendered":"\t\t<div data-elementor-type=\"wp-post\" data-elementor-id=\"991\" class=\"elementor elementor-991\" data-elementor-post-type=\"page\">\n\t\t\t\t<div class=\"elementor-element elementor-element-89c772e e-flex e-con-boxed e-con e-parent\" data-id=\"89c772e\" data-element_type=\"container\" data-e-type=\"container\">\n\t\t\t\t\t<div class=\"e-con-inner\">\n\t\t\t\t<div class=\"elementor-element elementor-element-9bc3440 elementor-invisible elementor-widget elementor-widget-text-editor\" data-id=\"9bc3440\" data-element_type=\"widget\" data-e-type=\"widget\" data-settings=\"{&quot;_animation&quot;:&quot;fadeIn&quot;}\" data-widget_type=\"text-editor.default\">\n\t\t\t\t\t\t\t\t\t<p>FEINBEISSER EVENT &amp; CATERING<\/p>\t\t\t\t\t\t\t\t<\/div>\n\t\t\t\t<div class=\"elementor-element elementor-element-180f664 elementor-invisible elementor-widget elementor-widget-elementskit-heading\" data-id=\"180f664\" data-element_type=\"widget\" data-e-type=\"widget\" data-settings=\"{&quot;_animation&quot;:&quot;fadeIn&quot;,&quot;_animation_delay&quot;:200}\" data-widget_type=\"elementskit-heading.default\">\n\t\t\t\t\t<div class=\"ekit-wid-con\" ><div class=\"ekit-heading elementskit-section-title-wraper text_center   ekit_heading_tablet-   ekit_heading_mobile-\"><h1 class=\"ekit-heading--title elementskit-section-title \">AGB<\/h1><\/div><\/div>\t\t\t\t<\/div>\n\t\t\t\t\t<\/div>\n\t\t\t\t<\/div>\n\t\t<div class=\"elementor-element elementor-element-9ffea93 e-con-full e-flex e-con e-parent\" data-id=\"9ffea93\" data-element_type=\"container\" data-e-type=\"container\" data-settings=\"{&quot;background_background&quot;:&quot;slideshow&quot;,&quot;background_slideshow_gallery&quot;:[{&quot;id&quot;:273,&quot;url&quot;:&quot;https:\\\/\\\/feinbeisser.de\\\/wp-content\\\/uploads\\\/2025\\\/04\\\/lot-of-appetizer-plates-2025-02-21-05-32-07-utc-Kopie.webp&quot;},{&quot;id&quot;:468,&quot;url&quot;:&quot;https:\\\/\\\/feinbeisser.de\\\/wp-content\\\/uploads\\\/2025\\\/04\\\/delicious-appetizers-served-at-a-wedding-buffet-2024-10-18-09-38-01-utc-Kopie.webp&quot;},{&quot;id&quot;:274,&quot;url&quot;:&quot;https:\\\/\\\/feinbeisser.de\\\/wp-content\\\/uploads\\\/2025\\\/04\\\/appetizer-of-couscous-and-vegetables-in-dishes-2025-03-07-16-54-41-utc-Kopie.webp&quot;},{&quot;id&quot;:467,&quot;url&quot;:&quot;https:\\\/\\\/feinbeisser.de\\\/wp-content\\\/uploads\\\/2025\\\/04\\\/mediterranean-style-appetizers-served-during-a-par-2024-10-20-17-16-51-utc-Kopie.webp&quot;},{&quot;id&quot;:474,&quot;url&quot;:&quot;https:\\\/\\\/feinbeisser.de\\\/wp-content\\\/uploads\\\/2025\\\/04\\\/cheese-and-wine-tasting-waiter-service-and-farm-r-2025-04-06-12-35-22-utc-Kopie.webp&quot;}],&quot;background_slideshow_ken_burns&quot;:&quot;yes&quot;,&quot;background_slideshow_loop&quot;:&quot;yes&quot;,&quot;background_slideshow_slide_duration&quot;:5000,&quot;background_slideshow_slide_transition&quot;:&quot;fade&quot;,&quot;background_slideshow_transition_duration&quot;:500,&quot;background_slideshow_ken_burns_zoom_direction&quot;:&quot;in&quot;}\">\n\t\t\t\t<\/div>\n\t\t<div class=\"elementor-element elementor-element-1339356 e-flex e-con-boxed e-con e-parent\" data-id=\"1339356\" data-element_type=\"container\" data-e-type=\"container\" data-settings=\"{&quot;background_background&quot;:&quot;classic&quot;}\">\n\t\t\t\t\t<div class=\"e-con-inner\">\n\t\t<div class=\"elementor-element elementor-element-6bcb8d3 e-con-full e-flex e-con e-child\" data-id=\"6bcb8d3\" data-element_type=\"container\" data-e-type=\"container\">\n\t\t\t\t<div class=\"elementor-element elementor-element-dd0dfc6 elementor-invisible elementor-widget elementor-widget-text-editor\" data-id=\"dd0dfc6\" data-element_type=\"widget\" data-e-type=\"widget\" data-settings=\"{&quot;_animation&quot;:&quot;fadeIn&quot;,&quot;_animation_delay&quot;:400}\" data-widget_type=\"text-editor.default\">\n\t\t\t\t\t\t\t\t\t<h5 style=\"text-align: left;\"><strong>Liefer-, Zahlungs- und Gesch\u00e4ftsbedingungen von Feinbeisser Catering &amp; Partyservice<\/strong><\/h5><ol style=\"text-align: left;\"><li style=\"text-align: left;\">Da wir ausschlie\u00dflich Frischware verwenden, halten wir es uns offen, das Angebot je nach Jahreszeit zu aktualisieren oder gegebenenfalls zu ersetzen.<\/li><li style=\"text-align: left;\">Der Mindestbestellwert betr\u00e4gt EUR 250,00 netto zuz\u00fcglich Anlieferung.<\/li><li style=\"text-align: left;\">Die angemeldete Personenzahl ist verbindlich, sofern nicht 36 Stunden vor Veranstaltungsbeginn eine Mitteilung durch den Auftraggeber erfolgt. Diese Mitteilung kann telefonisch, per Fax oder per Email erfolgen. Hier behalten wir uns eine evtl. Nachkalkulation vor.<\/li><li style=\"text-align: left;\">Die Auftragserteilung ist verbindlich mit dem, durch den Kunden unterschriebenen Angebot\/Auftrag erfolgt. M\u00fcndliche Nebenabreden bestehen nicht und sind auch nicht getroffen worden.<\/li><li style=\"text-align: left;\">Stornierung des Auftrages. Bei einer Stornierung eines bereits erteilten Auftrages innerhalb 60 Tagen vor Veranstaltungsbeginn fallen 100 % des zu erwartenden Auftragswertes an Stornierungskosten an. F\u00fcr Auftr\u00e4ge in der Zeit vom 01. &#8211; 31. Dezember innerhalb 120 Tagen vor Veranstaltungsbeginn.<\/li><li style=\"text-align: left;\">Die Anlieferung \/ Abholung der Ware erfolgt auf Wunsch des Kunden direkt ins Haus, ebenerdig, hinter die erste T\u00fcr. Der Kunde stellt sicher, dass eine direkte LKW (bis 7,5 Tonnen) Zufahrt m\u00f6glich ist und die Ware rollbar, barrierefrei angeliefert werden kann. Die Anlieferung wird gesondert berechnet. Wenn nichts anderes Vereinbart ist, beinhaltet die Anlieferung keinerlei Auf- und Abbauleistung. Bei Anlieferung in obere Stockwerke wird eine pauschale von EUR 15,00 pro Etage berechnet, sollte kein geeigneter Fahrstuhl vorhanden sein. Bei Lieferungen zu einem bestimmten Zeitpunkt sollte eine Toleranz von 30 bis 60 Minuten eingeplant werden. Eine Nachberechnung behalten wir uns vor. Bei Lieferausfall durch h\u00f6here Gewalt besteht kein Rechtsanspruch auf Lieferung.<\/li><li style=\"text-align: left;\">Anzahlung. Bei Neukunden sowie Privatkunden ist grunds\u00e4tzlich eine Anzahlung in H\u00f6he von 100% des Auftragswertes, 3 Arbeitstage vor Veranstaltungsbeginn, oder eine Barzahlung bei Anlieferung f\u00e4llig. Eine Nachberechnung von Verbrauchswerten oder Bruch und Verlust von Mietgegenst\u00e4nden ist m\u00f6glich.<\/li><li style=\"text-align: left;\">Der Rechnungsbetrag wird ohne Abzug und sofern nichts anderes vereinbart ist, bei Anlieferung in bar f\u00e4llig. Bei Rechnungsstellung innerhalb 7 Tagen nach Rechnungserhalt.<\/li><li style=\"text-align: left;\">Leihgegenst\u00e4nde. Der Mietpreis f\u00fcr die Leihgegenst\u00e4nde gilt f\u00fcr die Dauer von 3 Tagen. Leihgegenst\u00e4nde und Verpackungsmaterial bleiben Eigentum der Firma. Nur sofortige Beanstandungen k\u00f6nnen ber\u00fccksichtigt werden. Jegliche Haftung seitens des Vermieters f\u00fcr Sach-und Personensch\u00e4den im Zusammenhang mit dem Mietgebrauch ist ausgeschlossen. Fehlmeldungen, Bruch und Besch\u00e4digungen gehen zu Lasten des Kunden\/Auftraggebers, der neben dem Mietpreis die Kosten der erforderlichen Wiederbeschaffung zum Neuwert zu tragen hat. Der Mieter hat das Mietgut sorgf\u00e4ltig zu behandeln. Geschirr, Besteck, K\u00fcchenger\u00e4te usw. werden nach R\u00fcckgabe grunds\u00e4tzlich vom Vermieter gereinigt. Leihgegenst\u00e4nde sind in den \u00fcberlassenen Transportkisten ohne Speisereste, sortiert und abtransportierbar bereitzustellen. Das Mietgut ist nicht versichert. Bei Verlust oder Besch\u00e4digung haftet der Mieter.<\/li><li style=\"text-align: left;\">Feinbeisser-Catering \u00fcbernimmt keine Haftung f\u00fcr Sachsch\u00e4den die w\u00e4hrend der Auf- und Abbauphase und der Veranstaltungsdauer entstehen. Mit Auftragsvergabe geht die Haftung an den Auftraggeber \u00fcber.<\/li><li style=\"text-align: left;\">Foto und Filmmaterial. Feinbeisser-Catering erstellt bei einigen Events Foto- und Filmmaterial. Der Kunde mit der Ver\u00f6ffentlichung einverstanden. Der Kunde erh\u00e4lt eine kostenlose Kopie der erstellen Bilder. Sollte der Kunde mit der Ver\u00f6ffentlichung der Bilder nicht einverstanden sein, reicht eine kurze Information an uns. Wir nennen niemals Kundennamen, Kundenadressen etc. im Zusammenhang mit den Bildern.<br \/><br \/><\/li><\/ol><p style=\"text-align: left;\">Mit Auftragserteilung werden vom Besteller die vorstehenden Liefer- und Zahlungsbedingungen als verbindlich anerkannt. Erf\u00fcllungsort und Gerichtsstand f\u00fcr beide Teile ist Hamburg.<\/p><p style=\"text-align: left;\"><em>Preisliste: Juli 2010<\/em><br \/><em>(Alle anderen Preislisten sind ung\u00fcltig. Alle Preise zuz\u00fcglich der gesetzlichen Mehrwertsteuer.)<\/em><\/p><p style=\"text-align: left;\"><a title=\"AGBs herunterladen\" href=\"https:\/\/feinbeisser.de\/wp-content\/uploads\/2025\/05\/feinbeisser_catering_agb.pdf\" target=\"_blank\" rel=\"noopener\">Hier k\u00f6nnen die AGBs heruntergeladen werden.<\/a><\/p>\t\t\t\t\t\t\t\t<\/div>\n\t\t\t\t<\/div>\n\t\t\t\t\t<\/div>\n\t\t\t\t<\/div>\n\t\t\t\t<\/div>\n\t\t","protected":false},"excerpt":{"rendered":"<p>FEINBEISSER EVENT &amp; CATERING AGB Liefer-, Zahlungs- und Gesch\u00e4ftsbedingungen von Feinbeisser Catering &amp; Partyservice Da wir ausschlie\u00dflich Frischware verwenden, halten wir es uns offen, das Angebot je nach Jahreszeit zu aktualisieren oder gegebenenfalls zu ersetzen. Der Mindestbestellwert betr\u00e4gt EUR 250,00 netto zuz\u00fcglich Anlieferung. Die angemeldete Personenzahl ist verbindlich, sofern nicht 36 Stunden vor Veranstaltungsbeginn eine [&hellip;]<\/p>\n","protected":false},"author":1,"featured_media":0,"parent":0,"menu_order":0,"comment_status":"closed","ping_status":"closed","template":"elementor_header_footer","meta":{"footnotes":""},"class_list":["post-991","page","type-page","status-publish","hentry"],"yoast_head":"<!-- This site is optimized with the Yoast SEO plugin v27.3 - https:\/\/yoast.com\/product\/yoast-seo-wordpress\/ -->\n<title>AGBs - Feinbeisser Event &amp; Catering Hamburg - Feinbeisser-Catering<\/title>\n<meta name=\"robots\" content=\"index, follow, max-snippet:-1, max-image-preview:large, max-video-preview:-1\" \/>\n<link rel=\"canonical\" href=\"https:\/\/feinbeisser.de\/en\/agbs\/\" \/>\n<meta property=\"og:locale\" content=\"en_GB\" \/>\n<meta property=\"og:type\" content=\"article\" \/>\n<meta property=\"og:title\" content=\"AGBs - Feinbeisser Event &amp; Catering Hamburg - Feinbeisser-Catering\" \/>\n<meta property=\"og:description\" content=\"FEINBEISSER EVENT &amp; CATERING AGB Liefer-, Zahlungs- und Gesch\u00e4ftsbedingungen von Feinbeisser Catering &amp; Partyservice Da wir ausschlie\u00dflich Frischware verwenden, halten wir es uns offen, das Angebot je nach Jahreszeit zu aktualisieren oder gegebenenfalls zu ersetzen. Der Mindestbestellwert betr\u00e4gt EUR 250,00 netto zuz\u00fcglich Anlieferung. Die angemeldete Personenzahl ist verbindlich, sofern nicht 36 Stunden vor Veranstaltungsbeginn eine [&hellip;]\" \/>\n<meta property=\"og:url\" content=\"https:\/\/feinbeisser.de\/en\/agbs\/\" \/>\n<meta property=\"og:site_name\" content=\"Feinbeisser Event &amp; Catering Hamburg - Feinbeisser-Catering\" \/>\n<meta property=\"article:modified_time\" content=\"2025-07-09T12:43:12+00:00\" \/>\n<meta name=\"twitter:card\" content=\"summary_large_image\" \/>\n<meta name=\"twitter:label1\" content=\"Estimated reading time\" \/>\n\t<meta name=\"twitter:data1\" content=\"3 minutes\" \/>\n<script type=\"application\/ld+json\" class=\"yoast-schema-graph\">{\"@context\":\"https:\\\/\\\/schema.org\",\"@graph\":[{\"@type\":\"WebPage\",\"@id\":\"https:\\\/\\\/feinbeisser.de\\\/agbs\\\/\",\"url\":\"https:\\\/\\\/feinbeisser.de\\\/agbs\\\/\",\"name\":\"AGBs - Feinbeisser Event &amp; Catering Hamburg - Feinbeisser-Catering\",\"isPartOf\":{\"@id\":\"https:\\\/\\\/feinbeisser.de\\\/#website\"},\"datePublished\":\"2025-05-08T14:29:55+00:00\",\"dateModified\":\"2025-07-09T12:43:12+00:00\",\"breadcrumb\":{\"@id\":\"https:\\\/\\\/feinbeisser.de\\\/agbs\\\/#breadcrumb\"},\"inLanguage\":\"en-GB\",\"potentialAction\":[{\"@type\":\"ReadAction\",\"target\":[\"https:\\\/\\\/feinbeisser.de\\\/agbs\\\/\"]}]},{\"@type\":\"BreadcrumbList\",\"@id\":\"https:\\\/\\\/feinbeisser.de\\\/agbs\\\/#breadcrumb\",\"itemListElement\":[{\"@type\":\"ListItem\",\"position\":1,\"name\":\"Startseite\",\"item\":\"https:\\\/\\\/feinbeisser.de\\\/\"},{\"@type\":\"ListItem\",\"position\":2,\"name\":\"AGBs\"}]},{\"@type\":\"WebSite\",\"@id\":\"https:\\\/\\\/feinbeisser.de\\\/#website\",\"url\":\"https:\\\/\\\/feinbeisser.de\\\/\",\"name\":\"Feinbeisser Event &amp; Catering Hamburg - Feinbeisser-Catering\",\"description\":\"CATERING HAMBURG - FEINBEISSER, Ihr Hamburger Event &amp; Catering Service in Hamburg mit einem anspruchsvollen Catering-Angebot f\u00fcr den gesamten Party- und Eventbereich!\",\"publisher\":{\"@id\":\"https:\\\/\\\/feinbeisser.de\\\/#organization\"},\"potentialAction\":[{\"@type\":\"SearchAction\",\"target\":{\"@type\":\"EntryPoint\",\"urlTemplate\":\"https:\\\/\\\/feinbeisser.de\\\/?s={search_term_string}\"},\"query-input\":{\"@type\":\"PropertyValueSpecification\",\"valueRequired\":true,\"valueName\":\"search_term_string\"}}],\"inLanguage\":\"en-GB\"},{\"@type\":\"Organization\",\"@id\":\"https:\\\/\\\/feinbeisser.de\\\/#organization\",\"name\":\"Feinbeisser Event &amp; Catering Hamburg - Feinbeisser-Catering\",\"url\":\"https:\\\/\\\/feinbeisser.de\\\/\",\"logo\":{\"@type\":\"ImageObject\",\"inLanguage\":\"en-GB\",\"@id\":\"https:\\\/\\\/feinbeisser.de\\\/#\\\/schema\\\/logo\\\/image\\\/\",\"url\":\"https:\\\/\\\/feinbeisser.de\\\/wp-content\\\/uploads\\\/2025\\\/04\\\/Element-1.svg\",\"contentUrl\":\"https:\\\/\\\/feinbeisser.de\\\/wp-content\\\/uploads\\\/2025\\\/04\\\/Element-1.svg\",\"width\":278,\"height\":84,\"caption\":\"Feinbeisser Event &amp; Catering Hamburg - Feinbeisser-Catering\"},\"image\":{\"@id\":\"https:\\\/\\\/feinbeisser.de\\\/#\\\/schema\\\/logo\\\/image\\\/\"}}]}<\/script>\n<!-- \/ Yoast SEO plugin. -->","yoast_head_json":{"title":"General Terms and Conditions - Feinbeisser Event &amp; Catering Hamburg - Feinbeisser-Catering","robots":{"index":"index","follow":"follow","max-snippet":"max-snippet:-1","max-image-preview":"max-image-preview:large","max-video-preview":"max-video-preview:-1"},"canonical":"https:\/\/feinbeisser.de\/en\/agbs\/","og_locale":"en_GB","og_type":"article","og_title":"AGBs - Feinbeisser Event &amp; Catering Hamburg - Feinbeisser-Catering","og_description":"FEINBEISSER EVENT &amp; CATERING AGB Liefer-, Zahlungs- und Gesch\u00e4ftsbedingungen von Feinbeisser Catering &amp; Partyservice Da wir ausschlie\u00dflich Frischware verwenden, halten wir es uns offen, das Angebot je nach Jahreszeit zu aktualisieren oder gegebenenfalls zu ersetzen. Der Mindestbestellwert betr\u00e4gt EUR 250,00 netto zuz\u00fcglich Anlieferung. Die angemeldete Personenzahl ist verbindlich, sofern nicht 36 Stunden vor Veranstaltungsbeginn eine [&hellip;]","og_url":"https:\/\/feinbeisser.de\/en\/agbs\/","og_site_name":"Feinbeisser Event &amp; Catering Hamburg - Feinbeisser-Catering","article_modified_time":"2025-07-09T12:43:12+00:00","twitter_card":"summary_large_image","twitter_misc":{"Estimated reading time":"3 minutes"},"schema":{"@context":"https:\/\/schema.org","@graph":[{"@type":"WebPage","@id":"https:\/\/feinbeisser.de\/agbs\/","url":"https:\/\/feinbeisser.de\/agbs\/","name":"General Terms and Conditions - Feinbeisser Event &amp; Catering Hamburg - Feinbeisser-Catering","isPartOf":{"@id":"https:\/\/feinbeisser.de\/#website"},"datePublished":"2025-05-08T14:29:55+00:00","dateModified":"2025-07-09T12:43:12+00:00","breadcrumb":{"@id":"https:\/\/feinbeisser.de\/agbs\/#breadcrumb"},"inLanguage":"en-GB","potentialAction":[{"@type":"ReadAction","target":["https:\/\/feinbeisser.de\/agbs\/"]}]},{"@type":"BreadcrumbList","@id":"https:\/\/feinbeisser.de\/agbs\/#breadcrumb","itemListElement":[{"@type":"ListItem","position":1,"name":"Startseite","item":"https:\/\/feinbeisser.de\/"},{"@type":"ListItem","position":2,"name":"AGBs"}]},{"@type":"WebSite","@id":"https:\/\/feinbeisser.de\/#website","url":"https:\/\/feinbeisser.de\/","name":"Feinbeisser Event &amp; Catering Hamburg - Feinbeisser-Catering","description":"CATERING HAMBURG - FEINBEISSER, your Hamburg event &amp; catering service in Hamburg with a sophisticated catering offer for the entire party and event sector!","publisher":{"@id":"https:\/\/feinbeisser.de\/#organization"},"potentialAction":[{"@type":"SearchAction","target":{"@type":"EntryPoint","urlTemplate":"https:\/\/feinbeisser.de\/?s={search_term_string}"},"query-input":{"@type":"PropertyValueSpecification","valueRequired":true,"valueName":"search_term_string"}}],"inLanguage":"en-GB"},{"@type":"Organization","@id":"https:\/\/feinbeisser.de\/#organization","name":"Feinbeisser Event &amp; Catering Hamburg - Feinbeisser-Catering","url":"https:\/\/feinbeisser.de\/","logo":{"@type":"ImageObject","inLanguage":"en-GB","@id":"https:\/\/feinbeisser.de\/#\/schema\/logo\/image\/","url":"https:\/\/feinbeisser.de\/wp-content\/uploads\/2025\/04\/Element-1.svg","contentUrl":"https:\/\/feinbeisser.de\/wp-content\/uploads\/2025\/04\/Element-1.svg","width":278,"height":84,"caption":"Feinbeisser Event &amp; Catering Hamburg - Feinbeisser-Catering"},"image":{"@id":"https:\/\/feinbeisser.de\/#\/schema\/logo\/image\/"}}]}},"_links":{"self":[{"href":"https:\/\/feinbeisser.de\/en\/wp-json\/wp\/v2\/pages\/991","targetHints":{"allow":["GET"]}}],"collection":[{"href":"https:\/\/feinbeisser.de\/en\/wp-json\/wp\/v2\/pages"}],"about":[{"href":"https:\/\/feinbeisser.de\/en\/wp-json\/wp\/v2\/types\/page"}],"author":[{"embeddable":true,"href":"https:\/\/feinbeisser.de\/en\/wp-json\/wp\/v2\/users\/1"}],"replies":[{"embeddable":true,"href":"https:\/\/feinbeisser.de\/en\/wp-json\/wp\/v2\/comments?post=991"}],"version-history":[{"count":10,"href":"https:\/\/feinbeisser.de\/en\/wp-json\/wp\/v2\/pages\/991\/revisions"}],"predecessor-version":[{"id":1560,"href":"https:\/\/feinbeisser.de\/en\/wp-json\/wp\/v2\/pages\/991\/revisions\/1560"}],"wp:attachment":[{"href":"https:\/\/feinbeisser.de\/en\/wp-json\/wp\/v2\/media?parent=991"}],"curies":[{"name":"wp","href":"https:\/\/api.w.org\/{rel}","templated":true}]}}